{"id":579,"date":"2021-01-26T18:30:59","date_gmt":"2021-01-26T18:30:59","guid":{"rendered":"http:\/\/vestergaards.itkunde.dk\/?page_id=579"},"modified":"2022-11-27T20:32:49","modified_gmt":"2022-11-27T20:32:49","slug":"attraktionen","status":"publish","type":"page","link":"https:\/\/vestergaard-bb.dk\/index.php\/de\/attraktionen\/","title":{"rendered":"Attraktionen"},"content":{"rendered":"\t\t<div data-elementor-type=\"wp-page\" data-elementor-id=\"579\" class=\"elementor elementor-579\" data-elementor-post-type=\"page\">\n\t\t\t\t\t\t<section class=\"elementor-section elementor-top-section elementor-element elementor-element-df92a31 elementor-section-full_width elementor-section-height-min-height elementor-section-height-default elementor-section-items-middle\" data-id=\"df92a31\" data-element_type=\"section\" data-e-type=\"section\">\n\t\t\t\t\t\t<div class=\"elementor-container elementor-column-gap-default\">\n\t\t\t\t\t<div class=\"elementor-column elementor-col-100 elementor-top-column elementor-element elementor-element-bac8310\" data-id=\"bac8310\" data-element_type=\"column\" data-e-type=\"column\" data-settings=\"{&quot;background_background&quot;:&quot;classic&quot;}\">\n\t\t\t<div class=\"elementor-widget-wrap elementor-element-populated\">\n\t\t\t\t\t\t<div class=\"elementor-element elementor-element-79fd583 elementor-widget elementor-widget-spacer\" data-id=\"79fd583\" data-element_type=\"widget\" data-e-type=\"widget\" data-widget_type=\"spacer.default\">\n\t\t\t\t<div class=\"elementor-widget-container\">\n\t\t\t\t\t\t\t<div class=\"elementor-spacer\">\n\t\t\t<div class=\"elementor-spacer-inner\"><\/div>\n\t\t<\/div>\n\t\t\t\t\t\t<\/div>\n\t\t\t\t<\/div>\n\t\t\t\t\t<\/div>\n\t\t<\/div>\n\t\t\t\t\t<\/div>\n\t\t<\/section>\n\t\t\t\t<section class=\"elementor-section elementor-top-section elementor-element elementor-element-13ec4d6 elementor-section-boxed elementor-section-height-default elementor-section-height-default\" data-id=\"13ec4d6\" data-element_type=\"section\" data-e-type=\"section\" data-settings=\"{&quot;background_background&quot;:&quot;classic&quot;}\">\n\t\t\t\t\t\t<div class=\"elementor-container elementor-column-gap-default\">\n\t\t\t\t\t<div class=\"elementor-column elementor-col-50 elementor-top-column elementor-element elementor-element-5fefb9b\" data-id=\"5fefb9b\" data-element_type=\"column\" data-e-type=\"column\">\n\t\t\t<div class=\"elementor-widget-wrap elementor-element-populated\">\n\t\t\t\t\t\t<div class=\"elementor-element elementor-element-c8d4f1f elementor-widget elementor-widget-heading\" data-id=\"c8d4f1f\" data-element_type=\"widget\" data-e-type=\"widget\" data-widget_type=\"heading.default\">\n\t\t\t\t<div class=\"elementor-widget-container\">\n\t\t\t\t\t<h1 class=\"elementor-heading-title elementor-size-default\">Attraktionen und Ausflugsm\u00f6glichkeiten<\/h1>\t\t\t\t<\/div>\n\t\t\t\t<\/div>\n\t\t\t\t<div class=\"elementor-element elementor-element-8387881 elementor-widget-divider--view-line elementor-widget elementor-widget-divider\" data-id=\"8387881\" data-element_type=\"widget\" data-e-type=\"widget\" data-widget_type=\"divider.default\">\n\t\t\t\t<div class=\"elementor-widget-container\">\n\t\t\t\t\t\t\t<div class=\"elementor-divider\">\n\t\t\t<span class=\"elementor-divider-separator\">\n\t\t\t\t\t\t<\/span>\n\t\t<\/div>\n\t\t\t\t\t\t<\/div>\n\t\t\t\t<\/div>\n\t\t\t\t<section class=\"elementor-section elementor-inner-section elementor-element elementor-element-5a168c1 animated-slow elementor-section-boxed elementor-section-height-default elementor-section-height-default elementor-invisible\" data-id=\"5a168c1\" data-element_type=\"section\" data-e-type=\"section\" data-settings=\"{&quot;animation&quot;:&quot;fadeInLeft&quot;}\">\n\t\t\t\t\t\t<div class=\"elementor-container elementor-column-gap-default\">\n\t\t\t\t\t<div class=\"elementor-column elementor-col-100 elementor-inner-column elementor-element elementor-element-081ed7a\" data-id=\"081ed7a\" data-element_type=\"column\" data-e-type=\"column\" data-settings=\"{&quot;background_background&quot;:&quot;classic&quot;}\">\n\t\t\t<div class=\"elementor-widget-wrap elementor-element-populated\">\n\t\t\t\t\t\t<div class=\"elementor-element elementor-element-bcf1c66 animated-slow elementor-widget elementor-widget-text-editor\" data-id=\"bcf1c66\" data-element_type=\"widget\" data-e-type=\"widget\" data-settings=\"{&quot;_animation&quot;:&quot;none&quot;}\" data-widget_type=\"text-editor.default\">\n\t\t\t\t<div class=\"elementor-widget-container\">\n\t\t\t\t\t\t\t\t\t<p>Das wir auf dem Lande liegen bedeutet nicht, das Sie nicht viele Attraktionen og Ausflugsm\u00f6glichkeiten ganz in der N\u00e4he haben.<\/p>\n<p>Hier sine einige Beispiele:<br>\u2022 Fr\u00f8slevlager \u2022 Bov Museum \u2022 Gendarmstien \u2022 Fahrradrouten \u2022 Padborg Park \u2022 Danfoss Universe \u2022 3 verschiedene Golfanlagen innerhalb von 25 km<br>\u2022 Erlebnis mit Tourleiter \u2022 1,2 km zu gutem Restaurant und noch vieles mehr&#8230;<br>Kurz gesagt: ein sch\u00f6ner Aufenthalt mit vielen M\u00f6glichkeiten s\u00fcdlich und n\u00f6rdlich der Grenze.<\/p>\n<p>Wir haben viele Brosch\u00fcren f\u00fcr Sie hier, und Sie sind wilkommen anzurufen, wenn Sie mehr Information w\u00fcnschen.<\/p>\t\t\t\t\t\t\t\t<\/div>\n\t\t\t\t<\/div>\n\t\t\t\t\t<\/div>\n\t\t<\/div>\n\t\t\t\t\t<\/div>\n\t\t<\/section>\n\t\t\t\t<section class=\"elementor-section elementor-inner-section elementor-element elementor-element-025428d elementor-section-boxed elementor-section-height-default elementor-section-height-default\" data-id=\"025428d\" data-element_type=\"section\" data-e-type=\"section\">\n\t\t\t\t\t\t<div class=\"elementor-container elementor-column-gap-default\">\n\t\t\t\t\t<div class=\"elementor-column elementor-col-100 elementor-inner-column elementor-element elementor-element-5147d26\" data-id=\"5147d26\" data-element_type=\"column\" data-e-type=\"column\">\n\t\t\t<div class=\"elementor-widget-wrap\">\n\t\t\t\t\t\t\t<\/div>\n\t\t<\/div>\n\t\t\t\t\t<\/div>\n\t\t<\/section>\n\t\t\t\t\t<\/div>\n\t\t<\/div>\n\t\t\t\t<div class=\"elementor-column elementor-col-50 elementor-top-column elementor-element elementor-element-7f9d625 animated-slow\" data-id=\"7f9d625\" data-element_type=\"column\" data-e-type=\"column\" data-settings=\"{&quot;animation&quot;:&quot;none&quot;}\">\n\t\t\t<div class=\"elementor-widget-wrap elementor-element-populated\">\n\t\t\t\t\t\t<div class=\"elementor-element elementor-element-186b0c7 elementor-arrows-position-inside elementor-widget elementor-widget-image-carousel\" data-id=\"186b0c7\" data-element_type=\"widget\" data-e-type=\"widget\" data-settings=\"{&quot;slides_to_show&quot;:&quot;1&quot;,&quot;navigation&quot;:&quot;arrows&quot;,&quot;autoplay&quot;:&quot;no&quot;,&quot;infinite&quot;:&quot;yes&quot;,&quot;effect&quot;:&quot;slide&quot;,&quot;speed&quot;:500}\" data-widget_type=\"image-carousel.default\">\n\t\t\t\t<div class=\"elementor-widget-container\">\n\t\t\t\t\t\t\t<div class=\"elementor-image-carousel-wrapper swiper\" role=\"region\" aria-roledescription=\"carousel\" aria-label=\"Bild Karussell\" dir=\"ltr\">\n\t\t\t<div class=\"elementor-image-carousel swiper-wrapper swiper-image-stretch\" aria-live=\"polite\">\n\t\t\t\t\t\t\t\t<div class=\"swiper-slide\" role=\"group\" aria-roledescription=\"slide\" aria-label=\"1 von 4\"><a data-elementor-open-lightbox=\"yes\" data-elementor-lightbox-slideshow=\"186b0c7\" data-elementor-lightbox-title=\"Picture9\" data-e-action-hash=\"#elementor-action%3Aaction%3Dlightbox%26settings%3DeyJpZCI6MTA5NywidXJsIjoiaHR0cHM6XC9cL3Zlc3RlcmdhYXJkLWJiLmRrXC93cC1jb250ZW50XC91cGxvYWRzXC8yMDIxXC8wMlwvUGljdHVyZTktMS5qcGciLCJzbGlkZXNob3ciOiIxODZiMGM3In0%3D\" href=\"https:\/\/vestergaard-bb.dk\/wp-content\/uploads\/2021\/02\/Picture9-1.jpg\"><figure class=\"swiper-slide-inner\"><img decoding=\"async\" class=\"swiper-slide-image\" src=\"https:\/\/vestergaard-bb.dk\/wp-content\/uploads\/2021\/02\/Picture9-1.jpg\" alt=\"Picture9\" \/><\/figure><\/a><\/div><div class=\"swiper-slide\" role=\"group\" aria-roledescription=\"slide\" aria-label=\"2 von 4\"><a data-elementor-open-lightbox=\"yes\" data-elementor-lightbox-slideshow=\"186b0c7\" data-elementor-lightbox-title=\"Picture6\" data-e-action-hash=\"#elementor-action%3Aaction%3Dlightbox%26settings%3DeyJpZCI6MTA5NCwidXJsIjoiaHR0cHM6XC9cL3Zlc3RlcmdhYXJkLWJiLmRrXC93cC1jb250ZW50XC91cGxvYWRzXC8yMDIxXC8wMlwvUGljdHVyZTYtMS5qcGciLCJzbGlkZXNob3ciOiIxODZiMGM3In0%3D\" href=\"https:\/\/vestergaard-bb.dk\/wp-content\/uploads\/2021\/02\/Picture6-1.jpg\"><figure class=\"swiper-slide-inner\"><img decoding=\"async\" class=\"swiper-slide-image\" src=\"https:\/\/vestergaard-bb.dk\/wp-content\/uploads\/2021\/02\/Picture6-1.jpg\" alt=\"Picture6\" \/><\/figure><\/a><\/div><div class=\"swiper-slide\" role=\"group\" aria-roledescription=\"slide\" aria-label=\"3 von 4\"><a data-elementor-open-lightbox=\"yes\" data-elementor-lightbox-slideshow=\"186b0c7\" data-elementor-lightbox-title=\"Picture7\" data-e-action-hash=\"#elementor-action%3Aaction%3Dlightbox%26settings%3DeyJpZCI6MTA5NSwidXJsIjoiaHR0cHM6XC9cL3Zlc3RlcmdhYXJkLWJiLmRrXC93cC1jb250ZW50XC91cGxvYWRzXC8yMDIxXC8wMlwvUGljdHVyZTctMi5qcGciLCJzbGlkZXNob3ciOiIxODZiMGM3In0%3D\" href=\"https:\/\/vestergaard-bb.dk\/wp-content\/uploads\/2021\/02\/Picture7-2.jpg\"><figure class=\"swiper-slide-inner\"><img decoding=\"async\" class=\"swiper-slide-image\" src=\"https:\/\/vestergaard-bb.dk\/wp-content\/uploads\/2021\/02\/Picture7-2.jpg\" alt=\"Picture7\" \/><\/figure><\/a><\/div><div class=\"swiper-slide\" role=\"group\" aria-roledescription=\"slide\" aria-label=\"4 von 4\"><a data-elementor-open-lightbox=\"yes\" data-elementor-lightbox-slideshow=\"186b0c7\" data-elementor-lightbox-title=\"Picture8\" data-e-action-hash=\"#elementor-action%3Aaction%3Dlightbox%26settings%3DeyJpZCI6MTA5NiwidXJsIjoiaHR0cHM6XC9cL3Zlc3RlcmdhYXJkLWJiLmRrXC93cC1jb250ZW50XC91cGxvYWRzXC8yMDIxXC8wMlwvUGljdHVyZTgtMi5qcGciLCJzbGlkZXNob3ciOiIxODZiMGM3In0%3D\" href=\"https:\/\/vestergaard-bb.dk\/wp-content\/uploads\/2021\/02\/Picture8-2.jpg\"><figure class=\"swiper-slide-inner\"><img decoding=\"async\" class=\"swiper-slide-image\" src=\"https:\/\/vestergaard-bb.dk\/wp-content\/uploads\/2021\/02\/Picture8-2.jpg\" alt=\"Picture8\" \/><\/figure><\/a><\/div>\t\t\t<\/div>\n\t\t\t\t\t\t\t\t\t\t\t\t<div class=\"elementor-swiper-button elementor-swiper-button-prev\" role=\"button\" tabindex=\"0\">\n\t\t\t\t\t\t<i aria-hidden=\"true\" class=\"eicon-chevron-left\"><\/i>\t\t\t\t\t<\/div>\n\t\t\t\t\t<div class=\"elementor-swiper-button elementor-swiper-button-next\" role=\"button\" tabindex=\"0\">\n\t\t\t\t\t\t<i aria-hidden=\"true\" class=\"eicon-chevron-right\"><\/i>\t\t\t\t\t<\/div>\n\t\t\t\t\n\t\t\t\t\t\t\t\t\t<\/div>\n\t\t\t\t\t\t<\/div>\n\t\t\t\t<\/div>\n\t\t\t\t<div class=\"elementor-element elementor-element-6e2ef09 elementor-share-buttons--view-icon-text elementor-share-buttons--skin-gradient elementor-share-buttons--shape-square elementor-grid-0 elementor-share-buttons--color-official elementor-widget elementor-widget-share-buttons\" data-id=\"6e2ef09\" data-element_type=\"widget\" data-e-type=\"widget\" data-widget_type=\"share-buttons.default\">\n\t\t\t\t<div class=\"elementor-widget-container\">\n\t\t\t\t\t\t\t<div class=\"elementor-grid\">\n\t\t\t\t\t\t\t\t<div class=\"elementor-grid-item\">\n\t\t\t\t\t\t<div class=\"elementor-share-btn elementor-share-btn_facebook\" role=\"button\" tabindex=\"0\" aria-label=\"Teilen auf facebook\">\n\t\t\t\t\t\t\t\t\t\t\t\t\t\t\t<span class=\"elementor-share-btn__icon\">\n\t\t\t\t\t\t\t\t<i class=\"fab fa-facebook\" aria-hidden=\"true\"><\/i>\t\t\t\t\t\t\t<\/span>\n\t\t\t\t\t\t\t\t\t\t\t\t\t\t\t\t\t\t\t\t<\/div>\n\t\t\t\t\t<\/div>\n\t\t\t\t\t\t<\/div>\n\t\t\t\t\t\t<\/div>\n\t\t\t\t<\/div>\n\t\t\t\t\t<\/div>\n\t\t<\/div>\n\t\t\t\t\t<\/div>\n\t\t<\/section>\n\t\t\t\t<\/div>\n\t\t","protected":false},"excerpt":{"rendered":"<p>Attraktionen und Ausflugsm\u00f6glichkeiten Das wir auf dem Lande liegen bedeutet nicht, das Sie nicht viele Attraktionen og Ausflugsm\u00f6glichkeiten ganz in der N\u00e4he haben. Hier sine einige Beispiele:\u2022 Fr\u00f8slevlager \u2022 Bov Museum \u2022 Gendarmstien \u2022 Fahrradrouten \u2022 Padborg Park \u2022 Danfoss Universe \u2022 3 verschiedene Golfanlagen innerhalb von 25 km\u2022 Erlebnis mit Tourleiter \u2022 1,2 km [&hellip;]<\/p>\n","protected":false},"author":1,"featured_media":0,"parent":0,"menu_order":0,"comment_status":"closed","ping_status":"closed","template":"elementor_header_footer","meta":{"footnotes":""},"class_list":["post-579","page","type-page","status-publish","hentry"],"_links":{"self":[{"href":"https:\/\/vestergaard-bb.dk\/index.php\/wp-json\/wp\/v2\/pages\/579","targetHints":{"allow":["GET"]}}],"collection":[{"href":"https:\/\/vestergaard-bb.dk\/index.php\/wp-json\/wp\/v2\/pages"}],"about":[{"href":"https:\/\/vestergaard-bb.dk\/index.php\/wp-json\/wp\/v2\/types\/page"}],"author":[{"embeddable":true,"href":"https:\/\/vestergaard-bb.dk\/index.php\/wp-json\/wp\/v2\/users\/1"}],"replies":[{"embeddable":true,"href":"https:\/\/vestergaard-bb.dk\/index.php\/wp-json\/wp\/v2\/comments?post=579"}],"version-history":[{"count":31,"href":"https:\/\/vestergaard-bb.dk\/index.php\/wp-json\/wp\/v2\/pages\/579\/revisions"}],"predecessor-version":[{"id":1469,"href":"https:\/\/vestergaard-bb.dk\/index.php\/wp-json\/wp\/v2\/pages\/579\/revisions\/1469"}],"wp:attachment":[{"href":"https:\/\/vestergaard-bb.dk\/index.php\/wp-json\/wp\/v2\/media?parent=579"}],"curies":[{"name":"wp","href":"https:\/\/api.w.org\/{rel}","templated":true}]}}